{"id":21994,"date":"2021-08-27T14:55:12","date_gmt":"2021-08-27T14:55:12","guid":{"rendered":"https:\/\/milremo.com\/semi-custom\/"},"modified":"2023-07-18T08:35:47","modified_gmt":"2023-07-18T08:35:47","slug":"semi-custom","status":"publish","type":"page","link":"https:\/\/milremo.com\/de\/starte-mit-deinem-design\/semi-custom\/","title":{"rendered":"Design Online"},"content":{"rendered":"\n<div class=\"wp-block-columns is-layout-flex wp-container-core-columns-is-layout-9d6595d7 wp-block-columns-is-layout-flex\">\n<div class=\"wp-block-column is-layout-flow wp-block-column-is-layout-flow\">\n<div class=\"wp-block-columns has-3-columns custom-block-3 is-layout-flex wp-container-core-columns-is-layout-9d6595d7 wp-block-columns-is-layout-flex\">\n<div class=\"wp-block-column is-layout-flow wp-block-column-is-layout-flow\">\n\n\n\n<!-- cover_block -->\n<div id=\"textmedia_block-block_5c62998791012\" class=\"text_media_block  right\">\n    <div>\n                <div class=\"wrapper\">\n            <div>\n                                <h5 style=\"text-align: left;\">CHOOSE<\/h5>\n<p style=\"text-align: left;\">Choose the clothing you want: jersey or shorts. You can adjust everything!<\/p>\n            <\/div>\n        <\/div>\n    <\/div>\n<\/div>\n<!-- \/cover_block --><\/div>\n\n\n\n<div class=\"wp-block-column is-layout-flow wp-block-column-is-layout-flow\">\n\n\n\n<!-- cover_block -->\n<div id=\"textmedia_block-block_5c6299c391013\" class=\"text_media_block  \">\n    <div>\n                <div class=\"wrapper\">\n            <div>\n                                <h5 style=\"text-align: left;\">Design<\/h5>\n<p style=\"text-align: left;\">Start being a designer of your own clothing. You can choose colors, add a logo and add some special features.<\/p>\n            <\/div>\n        <\/div>\n    <\/div>\n<\/div>\n<!-- \/cover_block --><\/div>\n\n\n\n<div class=\"wp-block-column is-layout-flow wp-block-column-is-layout-flow\">\n\n\n\n<!-- cover_block -->\n<div id=\"textmedia_block-block_5c6299ca91014\" class=\"text_media_block  \">\n    <div>\n                <div class=\"wrapper\">\n            <div>\n                                <h5 style=\"text-align: left;\">ride<\/h5>\n<p style=\"text-align: left;\">After finishing your design, you send it to us. We start working on it. Soon you can start riding in your own designed clothing. Have fun!<\/p>\n            <\/div>\n        <\/div>\n    <\/div>\n<\/div>\n<!-- \/cover_block --><\/div>\n<\/div>\n<\/div>\n\n\n\n<div class=\"wp-block-column is-layout-flow wp-block-column-is-layout-flow\" style=\"flex-basis:2%\"><\/div>\n\n\n\n<div class=\"wp-block-column is-layout-flow wp-block-column-is-layout-flow\">\n<figure class=\"wp-block-video aligncenter\"><video height=\"800\" style=\"aspect-ratio: 1080 \/ 800;\" width=\"1080\" autoplay=\"\" loop=\"\" muted=\"\" src=\"https:\/\/milremo.com\/wp-content\/uploads\/2021\/08\/sd.mp4\"><\/video><\/figure>\n\n\n\n<p><\/p>\n<\/div>\n<\/div>\n\n<h5 class=\"has-text-align-center is-style-alt wp-block-heading\">W\u00e4hle dein Produkt<\/h5>\n\n<h6 class=\"is-style-alt wp-block-heading\">W\u00e4hlen Sie unten ein Produkt aus, um Ihr eigenes Milremo-Design zu <strong>erstellen<\/strong>. Innerhalb des Tools k\u00f6nnen Sie weitere Produkte zu Ihrem Projekt hinzuf\u00fcgen. Klicken Sie auf der Produktseite auf <strong>&#8222;Design Online&#8220;<\/strong>, um den <strong>3D-Design-Konfigurator<\/strong> zu starten.<\/h6>\n<!-- Block - Highlighted Products -->\r\n<section class=\"highlighted-products\">\r\n        <div class=\"products_list\">\r\n        <ul>\r\n                            <li id=\"post-23714\" class=\"mtb-de multisport-de trikots herren item\">\n    <figure>\n        <a href=\"https:\/\/milremo.com\/de\/produkt\/core-tee\/\">\n                            <img loading=\"lazy\" decoding=\"async\" width=\"768\" height=\"768\" src=\"https:\/\/milremo.com\/wp-content\/uploads\/2021\/06\/1133001_front-768x768.png\" class=\"attachment-custom_tablet size-custom_tablet\" alt=\"MTB CORE TEE\" srcset=\"https:\/\/milremo.com\/wp-content\/uploads\/2021\/06\/1133001_front-768x768.png 768w, https:\/\/milremo.com\/wp-content\/uploads\/2021\/06\/1133001_front-400x400.png 400w, https:\/\/milremo.com\/wp-content\/uploads\/2021\/06\/1133001_front-1024x1024.png 1024w, https:\/\/milremo.com\/wp-content\/uploads\/2021\/06\/1133001_front-300x300.png 300w, https:\/\/milremo.com\/wp-content\/uploads\/2021\/06\/1133001_front-1536x1536.png 1536w, https:\/\/milremo.com\/wp-content\/uploads\/2021\/06\/1133001_front-2048x2048.png 2048w, https:\/\/milremo.com\/wp-content\/uploads\/2021\/06\/1133001_front-480x480.png 480w, https:\/\/milremo.com\/wp-content\/uploads\/2021\/06\/1133001_front-960x960.png 960w, https:\/\/milremo.com\/wp-content\/uploads\/2021\/06\/1133001_front-1200x1200.png 1200w, https:\/\/milremo.com\/wp-content\/uploads\/2021\/06\/1133001_front-2000x2000.png 2000w, https:\/\/milremo.com\/wp-content\/uploads\/2021\/06\/1133001_front-500x500.png 500w, https:\/\/milremo.com\/wp-content\/uploads\/2021\/06\/1133001_front-600x600.png 600w, https:\/\/milremo.com\/wp-content\/uploads\/2021\/06\/1133001_front-350x350.png 350w\" sizes=\"auto, (max-width: 768px) 100vw, 768px\" \/>                    <\/a>\n\n        <figcaption>\n\t\t\t<div style=\"font:15px'BebasNeue';text-align:center;text-transform:uppercase;color:#000000;\">\n                \t\t\t\t    <span style=\"color:#ff0082\">Design Online<\/span> &#038;\n                \n                Full Custom\n            <\/div>\n\t\t\t\n            <h6 title=\"MTB CORE TEE\" style=\"font:25px\"><a href=\"https:\/\/milremo.com\/de\/produkt\/core-tee\/\" title=\"MTB CORE TEE\">MTB CORE TEE<\/a><\/h6>\n\t        <div style=\"font:20px'BebasNeue';text-align:center;text-transform:uppercase;color:#999;\">Herren<\/div>\n           <!--\/\/ <p class=\"sub_heading_product\"> \n                            <\/p> -->\n        <\/figcaption>\n    <\/figure>\n<\/li>\n                            <li id=\"post-23726\" class=\"road-de trikots herren item\">\n    <figure>\n        <a href=\"https:\/\/milremo.com\/de\/produkt\/endurance-jersey-form-fit\/\">\n                            <img loading=\"lazy\" decoding=\"async\" width=\"768\" height=\"768\" src=\"https:\/\/milremo.com\/wp-content\/uploads\/2022\/03\/1113003_front-768x768.png\" class=\"attachment-custom_tablet size-custom_tablet\" alt=\"Endurance Jersey\" srcset=\"https:\/\/milremo.com\/wp-content\/uploads\/2022\/03\/1113003_front-768x768.png 768w, https:\/\/milremo.com\/wp-content\/uploads\/2022\/03\/1113003_front-400x400.png 400w, https:\/\/milremo.com\/wp-content\/uploads\/2022\/03\/1113003_front-1024x1024.png 1024w, https:\/\/milremo.com\/wp-content\/uploads\/2022\/03\/1113003_front-300x300.png 300w, https:\/\/milremo.com\/wp-content\/uploads\/2022\/03\/1113003_front-1536x1536.png 1536w, https:\/\/milremo.com\/wp-content\/uploads\/2022\/03\/1113003_front-50x50.png 50w, https:\/\/milremo.com\/wp-content\/uploads\/2022\/03\/1113003_front-480x480.png 480w, https:\/\/milremo.com\/wp-content\/uploads\/2022\/03\/1113003_front-960x960.png 960w, https:\/\/milremo.com\/wp-content\/uploads\/2022\/03\/1113003_front-1200x1200.png 1200w, https:\/\/milremo.com\/wp-content\/uploads\/2022\/03\/1113003_front-500x500.png 500w, https:\/\/milremo.com\/wp-content\/uploads\/2022\/03\/1113003_front-600x600.png 600w, https:\/\/milremo.com\/wp-content\/uploads\/2022\/03\/1113003_front-350x350.png 350w, https:\/\/milremo.com\/wp-content\/uploads\/2022\/03\/1113003_front.png 1920w\" sizes=\"auto, (max-width: 768px) 100vw, 768px\" \/>                    <\/a>\n\n        <figcaption>\n\t\t\t<div style=\"font:15px'BebasNeue';text-align:center;text-transform:uppercase;color:#000000;\">\n                \t\t\t\t    <span style=\"color:#ff0082\">Design Online<\/span> &#038;\n                \n                Full Custom\n            <\/div>\n\t\t\t\n            <h6 title=\"Endurance Jersey\" style=\"font:25px\"><a href=\"https:\/\/milremo.com\/de\/produkt\/endurance-jersey-form-fit\/\" title=\"Endurance Jersey\">Endurance Jersey<\/a><\/h6>\n\t        <div style=\"font:20px'BebasNeue';text-align:center;text-transform:uppercase;color:#999;\">Herren<\/div>\n           <!--\/\/ <p class=\"sub_heading_product\"> \n                            <\/p> -->\n        <\/figcaption>\n    <\/figure>\n<\/li>\n                    <\/ul>\r\n    <\/div>\r\n    <\/section>\r\n<!-- \/Block - Highlighted Products -->\r\n\n<div class=\"wp-block-buttons is-content-justification-center is-layout-flex wp-block-buttons-is-layout-flex\">\n<div class=\"wp-block-button has-custom-width wp-block-button__width-50 has-custom-font-size is-style-fill has-normal-font-size\"><a class=\"wp-block-button__link\" href=\"https:\/\/milremo.com\/de\/produkt-schlagwort\/design-online-de\/\">&gt;&gt; Alle Produkte &lt;<\/a><\/div>\n<\/div>\n\n<div style=\"height:66px\" aria-hidden=\"true\" class=\"wp-block-spacer\"><\/div>\n\n<h5 class=\"has-text-align-center is-style-alt wp-block-heading\">GESTALTEN SIE IHR TRIKOT IN 3D<\/h5>\n\n<h6 class=\"is-style-alt wp-block-heading\">Es stehen <strong>50 verschiedene Farben<\/strong> zur Auswahl, mit denen Sie Ihr Outfit nach deinen W\u00fcnschen gestalten k\u00f6nnen. <strong>Logos, Schriftz\u00fcge oder Namen<\/strong> k\u00f6nnen entweder per <strong>Drag &amp; Drop<\/strong> oder \u00fcber die Men\u00fcleiste am linken Rand hinzugef\u00fcgt werden. Mit <strong>aufregenden Mustern<\/strong> k\u00f6nnen Sie Ihrem Milremo-Outfit einen <strong>au\u00dfergew\u00f6hnlichen und individuellen Look<\/strong> verleihen. <\/h6>\n\n<div class=\"wp-block-buttons is-content-justification-center is-layout-flex wp-block-buttons-is-layout-flex\">\n<div class=\"wp-block-button\"><a class=\"wp-block-button__link\" href=\"https:\/\/milremo.com\/de\/produkt-schlagwort\/design-online-de\/\">Starte hier<\/a><\/div>\n<\/div>\n\n<div style=\"height:60px\" aria-hidden=\"true\" class=\"wp-block-spacer\"><\/div>\n\n<p class=\"has-text-align-center\">Milremo Design Online ist ein <strong>Angebot von <a href=\"https:\/\/www.spized.com\/en\/milremo-custom-cycling-clothing\" target=\"_blank\" rel=\"noreferrer noopener\">spized<\/a>.<\/strong> Die Vorteile bei der Individualisierung Ihrer Milremo Radbekleidung auf spized: 100% Design-Flexibilit\u00e4t, erh\u00e4ltlich ab 1 St\u00fcck &#8211; keine Mindestmenge. Keine zus\u00e4tzlichen Druckkosten und kurze Lieferzeit. <\/p>\n\n<div class=\"wp-block-buttons is-content-justification-center is-layout-flex wp-block-buttons-is-layout-flex\"><\/div>\n","protected":false},"excerpt":{"rendered":"<p>W\u00e4hle dein Produkt W\u00e4hlen Sie unten ein Produkt aus, um Ihr eigenes Milremo-Design zu erstellen. Innerhalb des Tools k\u00f6nnen Sie weitere Produkte zu Ihrem Projekt hinzuf\u00fcgen. Klicken Sie auf der Produktseite auf &#8222;Design Online&#8220;, um den 3D-Design-Konfigurator zu starten. GESTALTEN SIE IHR TRIKOT IN 3D Es stehen 50 verschiedene Farben zur Auswahl, mit denen Sie [&hellip;]<\/p>\n","protected":false},"author":6311,"featured_media":0,"parent":21996,"menu_order":0,"comment_status":"closed","ping_status":"closed","template":"","meta":{"_acf_changed":false,"_seopress_robots_primary_cat":"","_seopress_titles_title":"","_seopress_titles_desc":"","_seopress_robots_index":"","footnotes":""},"class_list":["post-21994","page","type-page","status-publish","hentry"],"acf":[],"_links":{"self":[{"href":"https:\/\/milremo.com\/de\/wp-json\/wp\/v2\/pages\/21994","targetHints":{"allow":["GET"]}}],"collection":[{"href":"https:\/\/milremo.com\/de\/wp-json\/wp\/v2\/pages"}],"about":[{"href":"https:\/\/milremo.com\/de\/wp-json\/wp\/v2\/types\/page"}],"author":[{"embeddable":true,"href":"https:\/\/milremo.com\/de\/wp-json\/wp\/v2\/users\/6311"}],"replies":[{"embeddable":true,"href":"https:\/\/milremo.com\/de\/wp-json\/wp\/v2\/comments?post=21994"}],"version-history":[{"count":0,"href":"https:\/\/milremo.com\/de\/wp-json\/wp\/v2\/pages\/21994\/revisions"}],"up":[{"embeddable":true,"href":"https:\/\/milremo.com\/de\/wp-json\/wp\/v2\/pages\/21996"}],"wp:attachment":[{"href":"https:\/\/milremo.com\/de\/wp-json\/wp\/v2\/media?parent=21994"}],"curies":[{"name":"wp","href":"https:\/\/api.w.org\/{rel}","templated":true}]}}