{"id":21990,"date":"2021-08-27T14:39:59","date_gmt":"2021-08-27T14:39:59","guid":{"rendered":"https:\/\/milremo.com\/design\/"},"modified":"2021-08-27T14:39:59","modified_gmt":"2021-08-27T14:39:59","slug":"design","status":"publish","type":"page","link":"https:\/\/milremo.com\/de\/design\/","title":{"rendered":"Design"},"content":{"rendered":"\n<div style=\"height:30px\" aria-hidden=\"true\" class=\"wp-block-spacer\"><\/div>\n\n<h5 class=\"has-text-align-center wp-block-heading\">Design ist alles<\/h5>\n\n<p>Alles dreht sich um das Design, und wir wissen das. Vielleicht hast Du bereits ein paar tolle Ideen f\u00fcr Dein n\u00e4chstes Team-Set. Um Dir den Startschuss f\u00fcr Dein n\u00e4chstes Projekt zu erleichtern, wirf einen Blick auf einige der wunderbaren Entw\u00fcrfe, die unser Designteam erstellt hat.<\/p>\n\n<div style=\"height:30px\" aria-hidden=\"true\" class=\"wp-block-spacer\"><\/div>\n\n<div class=\"wp-block-columns is-layout-flex wp-container-core-columns-is-layout-9d6595d7 wp-block-columns-is-layout-flex\">\n<div class=\"wp-block-column is-layout-flow wp-block-column-is-layout-flow\">\n<div class=\"wp-block-cover aligncenter LMAR\" style=\"min-height:400px;aspect-ratio:unset;\"><img loading=\"lazy\" decoding=\"async\" width=\"1024\" height=\"680\" class=\"wp-block-cover__image-background wp-image-20241\" alt=\"\" src=\"https:\/\/milremo.com\/wp-content\/uploads\/2021\/08\/2-back-1024x680.jpg\" data-object-fit=\"cover\" srcset=\"https:\/\/milremo.com\/wp-content\/uploads\/2021\/08\/2-back-1024x680.jpg 1024w, https:\/\/milremo.com\/wp-content\/uploads\/2021\/08\/2-back-400x266.jpg 400w, https:\/\/milremo.com\/wp-content\/uploads\/2021\/08\/2-back-300x199.jpg 300w, https:\/\/milremo.com\/wp-content\/uploads\/2021\/08\/2-back-768x510.jpg 768w, https:\/\/milremo.com\/wp-content\/uploads\/2021\/08\/2-back-1536x1020.jpg 1536w, https:\/\/milremo.com\/wp-content\/uploads\/2021\/08\/2-back-50x33.jpg 50w, https:\/\/milremo.com\/wp-content\/uploads\/2021\/08\/2-back-480x319.jpg 480w, https:\/\/milremo.com\/wp-content\/uploads\/2021\/08\/2-back-960x637.jpg 960w, https:\/\/milremo.com\/wp-content\/uploads\/2021\/08\/2-back-1200x797.jpg 1200w, https:\/\/milremo.com\/wp-content\/uploads\/2021\/08\/2-back-500x332.jpg 500w, https:\/\/milremo.com\/wp-content\/uploads\/2021\/08\/2-back-600x398.jpg 600w, https:\/\/milremo.com\/wp-content\/uploads\/2021\/08\/2-back-350x232.jpg 350w, https:\/\/milremo.com\/wp-content\/uploads\/2021\/08\/2-back.jpg 1884w\" sizes=\"auto, (max-width: 1024px) 100vw, 1024px\" \/><div class=\"wp-block-cover__inner-container is-layout-flow wp-block-cover-is-layout-flow\">\n<div class=\"wp-block-buttons is-content-justification-center is-layout-flex wp-block-buttons-is-layout-flex\">\n<div class=\"wp-block-button\"><a class=\"wp-block-button__link\" href=\"https:\/\/milremo.com\/de\/design\/abstract-design\/\">ABSTRACT DESIGN<\/a><\/div>\n<\/div>\n<\/div><\/div>\n\n\n\n<div class=\"wp-block-cover aligncenter has-background-dim LMAR\" style=\"min-height:400px;aspect-ratio:unset;\"><img loading=\"lazy\" decoding=\"async\" width=\"1024\" height=\"680\" class=\"wp-block-cover__image-background wp-image-20505\" alt=\"\" src=\"https:\/\/milremo.com\/wp-content\/uploads\/2021\/08\/9-back-1024x680.jpg\" data-object-fit=\"cover\" srcset=\"https:\/\/milremo.com\/wp-content\/uploads\/2021\/08\/9-back-1024x680.jpg 1024w, https:\/\/milremo.com\/wp-content\/uploads\/2021\/08\/9-back-400x265.jpg 400w, https:\/\/milremo.com\/wp-content\/uploads\/2021\/08\/9-back-300x199.jpg 300w, https:\/\/milremo.com\/wp-content\/uploads\/2021\/08\/9-back-768x510.jpg 768w, https:\/\/milremo.com\/wp-content\/uploads\/2021\/08\/9-back-1536x1019.jpg 1536w, https:\/\/milremo.com\/wp-content\/uploads\/2021\/08\/9-back-50x33.jpg 50w, https:\/\/milremo.com\/wp-content\/uploads\/2021\/08\/9-back-480x319.jpg 480w, https:\/\/milremo.com\/wp-content\/uploads\/2021\/08\/9-back-960x637.jpg 960w, https:\/\/milremo.com\/wp-content\/uploads\/2021\/08\/9-back-1200x796.jpg 1200w, https:\/\/milremo.com\/wp-content\/uploads\/2021\/08\/9-back-500x332.jpg 500w, https:\/\/milremo.com\/wp-content\/uploads\/2021\/08\/9-back-600x398.jpg 600w, https:\/\/milremo.com\/wp-content\/uploads\/2021\/08\/9-back-350x232.jpg 350w, https:\/\/milremo.com\/wp-content\/uploads\/2021\/08\/9-back.jpg 1885w\" sizes=\"auto, (max-width: 1024px) 100vw, 1024px\" \/><div class=\"wp-block-cover__inner-container is-layout-flow wp-block-cover-is-layout-flow\">\n<div class=\"wp-block-buttons is-content-justification-center is-layout-flex wp-block-buttons-is-layout-flex\">\n<div class=\"wp-block-button is-style-fill\"><a class=\"wp-block-button__link\" href=\"https:\/\/milremo.com\/de\/design\/styled-design\/\">STYLED DESIGN<\/a><\/div>\n<\/div>\n<\/div><\/div>\n<\/div>\n\n\n\n<div class=\"wp-block-column is-layout-flow wp-block-column-is-layout-flow\">\n<div class=\"wp-block-cover LMAR\" style=\"min-height:400px;aspect-ratio:unset;\"><img loading=\"lazy\" decoding=\"async\" width=\"1885\" height=\"1251\" class=\"wp-block-cover__image-background wp-image-20855\" alt=\"\" src=\"https:\/\/milremo.com\/wp-content\/uploads\/2021\/08\/1-back-04.jpg\" data-object-fit=\"cover\" srcset=\"https:\/\/milremo.com\/wp-content\/uploads\/2021\/08\/1-back-04.jpg 1885w, https:\/\/milremo.com\/wp-content\/uploads\/2021\/08\/1-back-04-400x265.jpg 400w, https:\/\/milremo.com\/wp-content\/uploads\/2021\/08\/1-back-04-1024x680.jpg 1024w, https:\/\/milremo.com\/wp-content\/uploads\/2021\/08\/1-back-04-300x199.jpg 300w, https:\/\/milremo.com\/wp-content\/uploads\/2021\/08\/1-back-04-768x510.jpg 768w, https:\/\/milremo.com\/wp-content\/uploads\/2021\/08\/1-back-04-1536x1019.jpg 1536w, https:\/\/milremo.com\/wp-content\/uploads\/2021\/08\/1-back-04-50x33.jpg 50w, https:\/\/milremo.com\/wp-content\/uploads\/2021\/08\/1-back-04-480x319.jpg 480w, https:\/\/milremo.com\/wp-content\/uploads\/2021\/08\/1-back-04-960x637.jpg 960w, https:\/\/milremo.com\/wp-content\/uploads\/2021\/08\/1-back-04-1200x796.jpg 1200w, https:\/\/milremo.com\/wp-content\/uploads\/2021\/08\/1-back-04-500x332.jpg 500w, https:\/\/milremo.com\/wp-content\/uploads\/2021\/08\/1-back-04-600x398.jpg 600w, https:\/\/milremo.com\/wp-content\/uploads\/2021\/08\/1-back-04-350x232.jpg 350w\" sizes=\"auto, (max-width: 1885px) 100vw, 1885px\" \/><div class=\"wp-block-cover__inner-container is-layout-flow wp-block-cover-is-layout-flow\">\n<div class=\"wp-block-buttons is-content-justification-center is-layout-flex wp-block-buttons-is-layout-flex\">\n<div class=\"wp-block-button\"><a class=\"wp-block-button__link\" href=\"https:\/\/milremo.com\/de\/design\/retro-design\/\">RETRO DESIGN<\/a><\/div>\n<\/div>\n<\/div><\/div>\n\n\n\n<div class=\"wp-block-cover LMAR\" style=\"min-height:400px;aspect-ratio:unset;\"><img loading=\"lazy\" decoding=\"async\" width=\"1885\" height=\"1251\" class=\"wp-block-cover__image-background wp-image-21277\" alt=\"\" src=\"https:\/\/milremo.com\/wp-content\/uploads\/2021\/08\/1-back-02-3.jpg\" data-object-fit=\"cover\" srcset=\"https:\/\/milremo.com\/wp-content\/uploads\/2021\/08\/1-back-02-3.jpg 1885w, https:\/\/milremo.com\/wp-content\/uploads\/2021\/08\/1-back-02-3-400x265.jpg 400w, https:\/\/milremo.com\/wp-content\/uploads\/2021\/08\/1-back-02-3-1024x680.jpg 1024w, https:\/\/milremo.com\/wp-content\/uploads\/2021\/08\/1-back-02-3-300x199.jpg 300w, https:\/\/milremo.com\/wp-content\/uploads\/2021\/08\/1-back-02-3-768x510.jpg 768w, https:\/\/milremo.com\/wp-content\/uploads\/2021\/08\/1-back-02-3-1536x1019.jpg 1536w, https:\/\/milremo.com\/wp-content\/uploads\/2021\/08\/1-back-02-3-50x33.jpg 50w, https:\/\/milremo.com\/wp-content\/uploads\/2021\/08\/1-back-02-3-480x319.jpg 480w, https:\/\/milremo.com\/wp-content\/uploads\/2021\/08\/1-back-02-3-960x637.jpg 960w, https:\/\/milremo.com\/wp-content\/uploads\/2021\/08\/1-back-02-3-1200x796.jpg 1200w, https:\/\/milremo.com\/wp-content\/uploads\/2021\/08\/1-back-02-3-500x332.jpg 500w, https:\/\/milremo.com\/wp-content\/uploads\/2021\/08\/1-back-02-3-600x398.jpg 600w, https:\/\/milremo.com\/wp-content\/uploads\/2021\/08\/1-back-02-3-350x232.jpg 350w\" sizes=\"auto, (max-width: 1885px) 100vw, 1885px\" \/><div class=\"wp-block-cover__inner-container is-layout-flow wp-block-cover-is-layout-flow\">\n<div class=\"wp-block-buttons is-content-justification-center is-layout-flex wp-block-buttons-is-layout-flex\">\n<div class=\"wp-block-button\"><a class=\"wp-block-button__link\" href=\"https:\/\/milremo.com\/de\/design\/halftone-design\/\">HALFTONE DESIGN<\/a><\/div>\n<\/div>\n<\/div><\/div>\n<\/div>\n\n\n\n<div class=\"wp-block-column is-layout-flow wp-block-column-is-layout-flow\">\n<div class=\"wp-block-cover aligncenter LMAR\" style=\"min-height:400px;aspect-ratio:unset;\"><img loading=\"lazy\" decoding=\"async\" width=\"1024\" height=\"680\" class=\"wp-block-cover__image-background wp-image-20654\" alt=\"\" src=\"https:\/\/milremo.com\/wp-content\/uploads\/2021\/08\/1-back-3-1024x680.jpg\" style=\"object-position:5% 66%\" data-object-fit=\"cover\" data-object-position=\"5% 66%\" srcset=\"https:\/\/milremo.com\/wp-content\/uploads\/2021\/08\/1-back-3-1024x680.jpg 1024w, https:\/\/milremo.com\/wp-content\/uploads\/2021\/08\/1-back-3-400x265.jpg 400w, https:\/\/milremo.com\/wp-content\/uploads\/2021\/08\/1-back-3-300x199.jpg 300w, https:\/\/milremo.com\/wp-content\/uploads\/2021\/08\/1-back-3-768x510.jpg 768w, https:\/\/milremo.com\/wp-content\/uploads\/2021\/08\/1-back-3-1536x1019.jpg 1536w, https:\/\/milremo.com\/wp-content\/uploads\/2021\/08\/1-back-3-50x33.jpg 50w, https:\/\/milremo.com\/wp-content\/uploads\/2021\/08\/1-back-3-480x319.jpg 480w, https:\/\/milremo.com\/wp-content\/uploads\/2021\/08\/1-back-3-960x637.jpg 960w, https:\/\/milremo.com\/wp-content\/uploads\/2021\/08\/1-back-3-1200x796.jpg 1200w, https:\/\/milremo.com\/wp-content\/uploads\/2021\/08\/1-back-3-500x332.jpg 500w, https:\/\/milremo.com\/wp-content\/uploads\/2021\/08\/1-back-3-600x398.jpg 600w, https:\/\/milremo.com\/wp-content\/uploads\/2021\/08\/1-back-3-350x232.jpg 350w, https:\/\/milremo.com\/wp-content\/uploads\/2021\/08\/1-back-3.jpg 1885w\" sizes=\"auto, (max-width: 1024px) 100vw, 1024px\" \/><div class=\"wp-block-cover__inner-container is-layout-flow wp-block-cover-is-layout-flow\">\n<div class=\"wp-block-buttons is-content-justification-center is-layout-flex wp-block-buttons-is-layout-flex\">\n<div class=\"wp-block-button\"><a class=\"wp-block-button__link\" href=\"https:\/\/milremo.com\/de\/design\/gradient-design\/\">GRADIENT DESIGN<\/a><\/div>\n<\/div>\n<\/div><\/div>\n\n\n\n<div class=\"wp-block-cover aligncenter LMAR\" style=\"min-height:400px;aspect-ratio:unset;\"><img loading=\"lazy\" decoding=\"async\" width=\"1884\" height=\"1251\" class=\"wp-block-cover__image-background wp-image-21084\" alt=\"\" src=\"https:\/\/milremo.com\/wp-content\/uploads\/2021\/08\/1-back-05-2.jpg\" style=\"object-position:14% 61%\" data-object-fit=\"cover\" data-object-position=\"14% 61%\" srcset=\"https:\/\/milremo.com\/wp-content\/uploads\/2021\/08\/1-back-05-2.jpg 1884w, https:\/\/milremo.com\/wp-content\/uploads\/2021\/08\/1-back-05-2-400x266.jpg 400w, https:\/\/milremo.com\/wp-content\/uploads\/2021\/08\/1-back-05-2-1024x680.jpg 1024w, https:\/\/milremo.com\/wp-content\/uploads\/2021\/08\/1-back-05-2-300x199.jpg 300w, https:\/\/milremo.com\/wp-content\/uploads\/2021\/08\/1-back-05-2-768x510.jpg 768w, https:\/\/milremo.com\/wp-content\/uploads\/2021\/08\/1-back-05-2-1536x1020.jpg 1536w, https:\/\/milremo.com\/wp-content\/uploads\/2021\/08\/1-back-05-2-50x33.jpg 50w, https:\/\/milremo.com\/wp-content\/uploads\/2021\/08\/1-back-05-2-480x319.jpg 480w, https:\/\/milremo.com\/wp-content\/uploads\/2021\/08\/1-back-05-2-960x637.jpg 960w, https:\/\/milremo.com\/wp-content\/uploads\/2021\/08\/1-back-05-2-1200x797.jpg 1200w, https:\/\/milremo.com\/wp-content\/uploads\/2021\/08\/1-back-05-2-500x332.jpg 500w, https:\/\/milremo.com\/wp-content\/uploads\/2021\/08\/1-back-05-2-600x398.jpg 600w, https:\/\/milremo.com\/wp-content\/uploads\/2021\/08\/1-back-05-2-350x232.jpg 350w\" sizes=\"auto, (max-width: 1884px) 100vw, 1884px\" \/><div class=\"wp-block-cover__inner-container is-layout-flow wp-block-cover-is-layout-flow\">\n<div class=\"wp-block-buttons is-content-justification-center is-layout-flex wp-block-buttons-is-layout-flex\">\n<div class=\"wp-block-button\"><a class=\"wp-block-button__link\" href=\"https:\/\/milremo.com\/de\/design\/pattern-design\/\">PATTERN DESIGN<\/a><\/div>\n<\/div>\n<\/div><\/div>\n<\/div>\n<\/div>\n\n<div style=\"height:40px\" aria-hidden=\"true\" class=\"wp-block-spacer\"><\/div>\n\n<div style=\"height:30px\" aria-hidden=\"true\" class=\"wp-block-spacer\"><\/div>\n\n<!--more-->\n\n<div class=\"wp-block-columns is-layout-flex wp-container-core-columns-is-layout-9d6595d7 wp-block-columns-is-layout-flex\">\n<div class=\"wp-block-column is-vertically-aligned-center is-layout-flow wp-block-column-is-layout-flow\">\n<p class=\"has-text-align-center\">M\u00f6chtest du mehr \u00fcber die Gestaltung Deines individuellen Bekleidungssets erfahren? Dann schau dir unseren Leitfaden an.<\/p>\n\n\n\n<div class=\"wp-block-buttons is-content-justification-center is-layout-flex wp-block-buttons-is-layout-flex\">\n<div class=\"wp-block-button is-style-fill\"><a class=\"wp-block-button__link\" href=\"https:\/\/milremo.com\/de\/design\/leitfaden\/\">DESIGN GUIDELINES<\/a><\/div>\n<\/div>\n<\/div>\n\n\n\n<div class=\"wp-block-column is-layout-flow wp-block-column-is-layout-flow\">\n<p class=\"has-text-align-center\">Perfekt bei Kleinstmengen mit vorgefertigtem Design. Sieh Dir  unser Design-Tool an.<\/p>\n\n\n\n<div class=\"wp-block-buttons is-content-justification-center is-layout-flex wp-block-buttons-is-layout-flex\">\n<div class=\"wp-block-button is-style-fill\"><a class=\"wp-block-button__link\" href=\"https:\/\/milremo.com\/de\/starte-mit-deinem-design\/semi-custom\/\">DESIGN ONLINE<\/a><\/div>\n<\/div>\n<\/div>\n\n\n\n<div class=\"wp-block-column is-layout-flow wp-block-column-is-layout-flow\">\n<p class=\"has-text-align-center\">Sehe Dir einige unserer fertigen Designs in 3D an und lassen Dich f\u00fcr Dein n\u00e4chstes Projekt inspirieren.<\/p>\n\n\n\n<div class=\"wp-block-buttons is-content-justification-center is-layout-flex wp-block-buttons-is-layout-flex\">\n<div class=\"wp-block-button is-style-fill\"><a class=\"wp-block-button__link\" href=\"https:\/\/milremo.com\/start-designing\/design-inspiration\/\">MEHR INSPIRATION<\/a><\/div>\n<\/div>\n<\/div>\n<\/div>\n\n<div style=\"height:30px\" aria-hidden=\"true\" class=\"wp-block-spacer\"><\/div>\n","protected":false},"excerpt":{"rendered":"<p>Design ist alles Alles dreht sich um das Design, und wir wissen das. Vielleicht hast Du bereits ein paar tolle Ideen f\u00fcr Dein n\u00e4chstes Team-Set. Um Dir den Startschuss f\u00fcr Dein n\u00e4chstes Projekt zu erleichtern, wirf einen Blick auf einige der wunderbaren Entw\u00fcrfe, die unser Designteam erstellt hat.<\/p>\n","protected":false},"author":6311,"featured_media":20714,"parent":0,"menu_order":0,"comment_status":"closed","ping_status":"closed","template":"","meta":{"_acf_changed":false,"_seopress_robots_primary_cat":"","_seopress_titles_title":"","_seopress_titles_desc":"","_seopress_robots_index":"","footnotes":""},"class_list":["post-21990","page","type-page","status-publish","has-post-thumbnail","hentry"],"acf":[],"_links":{"self":[{"href":"https:\/\/milremo.com\/de\/wp-json\/wp\/v2\/pages\/21990","targetHints":{"allow":["GET"]}}],"collection":[{"href":"https:\/\/milremo.com\/de\/wp-json\/wp\/v2\/pages"}],"about":[{"href":"https:\/\/milremo.com\/de\/wp-json\/wp\/v2\/types\/page"}],"author":[{"embeddable":true,"href":"https:\/\/milremo.com\/de\/wp-json\/wp\/v2\/users\/6311"}],"replies":[{"embeddable":true,"href":"https:\/\/milremo.com\/de\/wp-json\/wp\/v2\/comments?post=21990"}],"version-history":[{"count":0,"href":"https:\/\/milremo.com\/de\/wp-json\/wp\/v2\/pages\/21990\/revisions"}],"wp:featuredmedia":[{"embeddable":true,"href":"https:\/\/milremo.com\/de\/wp-json\/wp\/v2\/media\/20714"}],"wp:attachment":[{"href":"https:\/\/milremo.com\/de\/wp-json\/wp\/v2\/media?parent=21990"}],"curies":[{"name":"wp","href":"https:\/\/api.w.org\/{rel}","templated":true}]}}