{"id":21965,"date":"2021-08-26T13:37:10","date_gmt":"2021-08-26T13:37:10","guid":{"rendered":"https:\/\/milremo.com\/ueber-uns\/teil-einer-grossen-familie\/"},"modified":"2021-08-26T13:37:11","modified_gmt":"2021-08-26T13:37:11","slug":"teil-einer-grossen-familie","status":"publish","type":"page","link":"https:\/\/milremo.com\/de\/ueber-uns\/teil-einer-grossen-familie\/","title":{"rendered":"Teil einer gro\u00dfen Familie"},"content":{"rendered":"\n<div class=\"wp-block-media-text alignfull\" style=\"grid-template-columns:53% auto\"><figure class=\"wp-block-media-text__media\"><img decoding=\"async\" src=\"http:\/\/milremo.com\/wp-content\/uploads\/2019\/02\/img12.jpg\" alt=\"\" class=\"wp-image-1190\"\/><\/figure><div class=\"wp-block-media-text__content\">\n<p style=\"text-align:center\" class=\"has-large-font-size\">Teil einer gro\u00dfen Familie<\/p>\n\n\n\n<p style=\"text-align:center\">Milremo Custom Cycling Clothing wurde von Radfahrern f\u00fcr Radfahrer entwickelt und geh\u00f6rt exklusiv zu SHIMANO Europa. Mit unserer umfangreichen, individualisierbaren Radbekleidungskollektion k\u00f6nnen wir den Anforderungen vieler verschiedener Fahrer gerecht werden. Milremo steht f\u00fcr hochwertige Produkte und ausgezeichneten Service.<\/p>\n\n\n\n<div class=\"wp-block-button aligncenter\"><a class=\"wp-block-button__link\" href=\"http:\/\/milremo.com\/start-designing\/\">START DESIGNING<\/a><\/div>\n<\/div><\/div>\n","protected":false},"excerpt":{"rendered":"","protected":false},"author":6311,"featured_media":0,"parent":21957,"menu_order":0,"comment_status":"closed","ping_status":"closed","template":"","meta":{"_acf_changed":false,"_seopress_robots_primary_cat":"","_seopress_titles_title":"","_seopress_titles_desc":"","_seopress_robots_index":"","footnotes":""},"class_list":["post-21965","page","type-page","status-publish","hentry"],"acf":[],"_links":{"self":[{"href":"https:\/\/milremo.com\/de\/wp-json\/wp\/v2\/pages\/21965","targetHints":{"allow":["GET"]}}],"collection":[{"href":"https:\/\/milremo.com\/de\/wp-json\/wp\/v2\/pages"}],"about":[{"href":"https:\/\/milremo.com\/de\/wp-json\/wp\/v2\/types\/page"}],"author":[{"embeddable":true,"href":"https:\/\/milremo.com\/de\/wp-json\/wp\/v2\/users\/6311"}],"replies":[{"embeddable":true,"href":"https:\/\/milremo.com\/de\/wp-json\/wp\/v2\/comments?post=21965"}],"version-history":[{"count":0,"href":"https:\/\/milremo.com\/de\/wp-json\/wp\/v2\/pages\/21965\/revisions"}],"up":[{"embeddable":true,"href":"https:\/\/milremo.com\/de\/wp-json\/wp\/v2\/pages\/21957"}],"wp:attachment":[{"href":"https:\/\/milremo.com\/de\/wp-json\/wp\/v2\/media?parent=21965"}],"curies":[{"name":"wp","href":"https:\/\/api.w.org\/{rel}","templated":true}]}}