{"id":21963,"date":"2021-08-26T13:35:36","date_gmt":"2021-08-26T13:35:36","guid":{"rendered":"https:\/\/milremo.com\/ueber-uns\/how-we-work\/hightech-produktion\/"},"modified":"2021-08-26T13:35:37","modified_gmt":"2021-08-26T13:35:37","slug":"hightech-produktion","status":"publish","type":"page","link":"https:\/\/milremo.com\/de\/ueber-uns\/how-we-work\/hightech-produktion\/","title":{"rendered":"Hightech-Produktion"},"content":{"rendered":"\n<div class=\"wp-block-media-text alignfull\" style=\"grid-template-columns:53% auto\"><figure class=\"wp-block-media-text__media\"><img decoding=\"async\" src=\"http:\/\/milremo.com\/wp-content\/uploads\/2019\/02\/img12.jpg\" alt=\"\" class=\"wp-image-1190\"\/><\/figure><div class=\"wp-block-media-text__content\">\n<p style=\"text-align:center\" class=\"has-large-font-size\"><strong>We want to gear you up fast.<\/strong><\/p>\n\n\n\n<p style=\"text-align:center\">Alle Produkte von Milremo werden in Europa produziert. Dabei setzen wir eine Mischung aus traditioneller Handarbeit und modernen Produktionsmethoden ein. Im Zentrum unseres Erfolgs stehen unser technisch ausgereiftes Sublimationsverfahren sowie das K\u00f6nnen und die Erfahrung unseres Teams, das sicherstellt, dass unsere Produkte den h\u00f6chsten Qualit\u00e4tsanforderungen gen\u00fcgen.<\/p>\n\n\n\n<div class=\"wp-block-button aligncenter\"><a class=\"wp-block-button__link\" href=\"http:\/\/milremo.com\/start-designing\/\">START DESIGNING<\/a><\/div>\n\n\n\n<p>\u00a0<\/p>\n<\/div><\/div>\n\n<figure class=\"wp-block-image alignfull\"><img loading=\"lazy\" decoding=\"async\" width=\"1024\" height=\"227\" src=\"http:\/\/milremo.com\/wp-content\/uploads\/2019\/03\/beeld3-1024x227.jpg\" alt=\"\" class=\"wp-image-8368\" srcset=\"https:\/\/milremo.com\/wp-content\/uploads\/2019\/03\/beeld3-1024x227.jpg 1024w, https:\/\/milremo.com\/wp-content\/uploads\/2019\/03\/beeld3-500x111.jpg 500w, https:\/\/milremo.com\/wp-content\/uploads\/2019\/03\/beeld3-350x78.jpg 350w, https:\/\/milremo.com\/wp-content\/uploads\/2019\/03\/beeld3-600x133.jpg 600w, https:\/\/milremo.com\/wp-content\/uploads\/2019\/03\/beeld3-300x67.jpg 300w, https:\/\/milremo.com\/wp-content\/uploads\/2019\/03\/beeld3-768x170.jpg 768w, https:\/\/milremo.com\/wp-content\/uploads\/2019\/03\/beeld3-480x106.jpg 480w, https:\/\/milremo.com\/wp-content\/uploads\/2019\/03\/beeld3-960x213.jpg 960w, https:\/\/milremo.com\/wp-content\/uploads\/2019\/03\/beeld3-1200x266.jpg 1200w, https:\/\/milremo.com\/wp-content\/uploads\/2019\/03\/beeld3.jpg 1980w\" sizes=\"auto, (max-width: 1024px) 100vw, 1024px\" \/><\/figure>\n","protected":false},"excerpt":{"rendered":"","protected":false},"author":6311,"featured_media":0,"parent":21961,"menu_order":0,"comment_status":"closed","ping_status":"closed","template":"","meta":{"_acf_changed":false,"_seopress_robots_primary_cat":"","_seopress_titles_title":"","_seopress_titles_desc":"","_seopress_robots_index":"","footnotes":""},"class_list":["post-21963","page","type-page","status-publish","hentry"],"acf":[],"_links":{"self":[{"href":"https:\/\/milremo.com\/de\/wp-json\/wp\/v2\/pages\/21963","targetHints":{"allow":["GET"]}}],"collection":[{"href":"https:\/\/milremo.com\/de\/wp-json\/wp\/v2\/pages"}],"about":[{"href":"https:\/\/milremo.com\/de\/wp-json\/wp\/v2\/types\/page"}],"author":[{"embeddable":true,"href":"https:\/\/milremo.com\/de\/wp-json\/wp\/v2\/users\/6311"}],"replies":[{"embeddable":true,"href":"https:\/\/milremo.com\/de\/wp-json\/wp\/v2\/comments?post=21963"}],"version-history":[{"count":0,"href":"https:\/\/milremo.com\/de\/wp-json\/wp\/v2\/pages\/21963\/revisions"}],"up":[{"embeddable":true,"href":"https:\/\/milremo.com\/de\/wp-json\/wp\/v2\/pages\/21961"}],"wp:attachment":[{"href":"https:\/\/milremo.com\/de\/wp-json\/wp\/v2\/media?parent=21963"}],"curies":[{"name":"wp","href":"https:\/\/api.w.org\/{rel}","templated":true}]}}