{"id":21957,"date":"2021-08-25T14:55:04","date_gmt":"2021-08-25T14:55:04","guid":{"rendered":"https:\/\/milremo.com\/ueber-uns\/"},"modified":"2021-08-25T14:55:04","modified_gmt":"2021-08-25T14:55:04","slug":"ueber-uns","status":"publish","type":"page","link":"https:\/\/milremo.com\/de\/ueber-uns\/","title":{"rendered":"\u00dcber uns"},"content":{"rendered":"\n<div class=\"wp-block-media-text alignfull\" style=\"grid-template-columns:53% auto\"><figure class=\"wp-block-media-text__media\"><img loading=\"lazy\" decoding=\"async\" width=\"1024\" height=\"683\" src=\"http:\/\/milremo.com\/wp-content\/uploads\/2019\/02\/IMGL0854-1024x683.jpg\" alt=\"\" class=\"wp-image-1190\" srcset=\"https:\/\/milremo.com\/wp-content\/uploads\/2019\/02\/IMGL0854-1024x683.jpg 1024w, https:\/\/milremo.com\/wp-content\/uploads\/2019\/02\/IMGL0854-scaled-500x333.jpg 500w, https:\/\/milremo.com\/wp-content\/uploads\/2019\/02\/IMGL0854-scaled-350x233.jpg 350w, https:\/\/milremo.com\/wp-content\/uploads\/2019\/02\/IMGL0854-scaled-600x400.jpg 600w, https:\/\/milremo.com\/wp-content\/uploads\/2019\/02\/IMGL0854-300x200.jpg 300w, https:\/\/milremo.com\/wp-content\/uploads\/2019\/02\/IMGL0854-768x512.jpg 768w, https:\/\/milremo.com\/wp-content\/uploads\/2019\/02\/IMGL0854-480x320.jpg 480w, https:\/\/milremo.com\/wp-content\/uploads\/2019\/02\/IMGL0854-960x640.jpg 960w, https:\/\/milremo.com\/wp-content\/uploads\/2019\/02\/IMGL0854-1200x800.jpg 1200w, https:\/\/milremo.com\/wp-content\/uploads\/2019\/02\/IMGL0854-2000x1333.jpg 2000w\" sizes=\"auto, (max-width: 1024px) 100vw, 1024px\" \/><\/figure><div class=\"wp-block-media-text__content\">\n<p style=\"text-align:center\" class=\"has-large-font-size\">Handarbeit &amp; Hightech-Produktion<\/p>\n\n\n\n<p>Milremo Custom Cycling Clothing wurde von Radfahrern f\u00fcr Radfahrer entwickelt und geh\u00f6rt exklusiv zu SHIMANO Europa. Mit unserer umfangreichen, individualisierbaren Radbekleidungskollektion k\u00f6nnen wir den Anforderungen vieler verschiedener Fahrer gerecht werden. Milremo steht f\u00fcr hochwertige Produkte und ausgezeichneten Service.<\/p>\n\n\n\n<p>Alle Produkte von Milremo werden in Europa produziert.<\/p>\n\n\n\n<div class=\"wp-block-button aligncenter\"><a class=\"wp-block-button__link\" href=\"http:\/\/milremo.com\/start-designing\/\">START DESIGNING<\/a><\/div>\n<\/div><\/div>\n\n<h5 class=\"wp-block-heading\"> <\/h5>\n\n<div class=\"wp-block-columns has-2-columns is-layout-flex wp-container-core-columns-is-layout-9d6595d7 wp-block-columns-is-layout-flex\">\n<div class=\"wp-block-column is-layout-flow wp-block-column-is-layout-flow\"><\/div>\n\n\n\n<div class=\"wp-block-column is-layout-flow wp-block-column-is-layout-flow\"><\/div>\n<\/div>\n\n<figure class=\"wp-block-image alignfull\"><img loading=\"lazy\" decoding=\"async\" width=\"1024\" height=\"582\" src=\"http:\/\/milremo.com\/wp-content\/uploads\/2019\/02\/bg-1024x582.jpg\" alt=\"\" class=\"wp-image-401\" srcset=\"https:\/\/milremo.com\/wp-content\/uploads\/2019\/02\/bg-1024x582.jpg 1024w, https:\/\/milremo.com\/wp-content\/uploads\/2019\/02\/bg-500x284.jpg 500w, https:\/\/milremo.com\/wp-content\/uploads\/2019\/02\/bg-350x199.jpg 350w, https:\/\/milremo.com\/wp-content\/uploads\/2019\/02\/bg-600x341.jpg 600w, https:\/\/milremo.com\/wp-content\/uploads\/2019\/02\/bg-300x171.jpg 300w, https:\/\/milremo.com\/wp-content\/uploads\/2019\/02\/bg-768x437.jpg 768w, https:\/\/milremo.com\/wp-content\/uploads\/2019\/02\/bg-480x273.jpg 480w, https:\/\/milremo.com\/wp-content\/uploads\/2019\/02\/bg-960x546.jpg 960w, https:\/\/milremo.com\/wp-content\/uploads\/2019\/02\/bg-1200x683.jpg 1200w, https:\/\/milremo.com\/wp-content\/uploads\/2019\/02\/bg.jpg 1920w\" sizes=\"auto, (max-width: 1024px) 100vw, 1024px\" \/><\/figure>\n\n\n\n\n<!-- mountain -->\n<div id=\"mountain-block_5c62da5dfc312\" class=\"mountain_block alignfull\">\n    <h3 style=\"text-align: center;\"><span style=\"color: #000000;\">Choose, design, ride!<\/span><\/h3>\n    <img decoding=\"async\" srcset=\"https:\/\/milremo.com\/wp-content\/uploads\/2019\/02\/mountain-480x217.jpg 480w, https:\/\/milremo.com\/wp-content\/uploads\/2019\/02\/mountain-768x346.jpg 768w, https:\/\/milremo.com\/wp-content\/uploads\/2019\/02\/mountain-960x433.jpg 960w, https:\/\/milremo.com\/wp-content\/uploads\/2019\/02\/mountain-1200x541.jpg 1200w, https:\/\/milremo.com\/wp-content\/uploads\/2019\/02\/mountain.jpg 2000w, https:\/\/milremo.com\/wp-content\/uploads\/2019\/02\/mountain.jpg 3000w\" sizes=\"(max-width:479px) 480px, (min-width: 480px) and (max-width: 767px) 768px, (min-width: 768px) and (max-width: 959px) 960px, (min-width: 960px) and (max-width: 1200px) 1200px, 100vw\" src=\"https:\/\/milremo.com\/wp-content\/uploads\/2019\/02\/mountain-960x433.jpg\" alt=\"\" \/>\n    <div class=\"wrapper\">\n        <img decoding=\"async\" src=\"\" alt=\"\" \/>\n    <\/div>\n<\/div>\n<!-- \/mountain -->\n\n","protected":false},"excerpt":{"rendered":"","protected":false},"author":6311,"featured_media":0,"parent":0,"menu_order":0,"comment_status":"closed","ping_status":"closed","template":"","meta":{"_acf_changed":false,"_seopress_robots_primary_cat":"","_seopress_titles_title":"","_seopress_titles_desc":"","_seopress_robots_index":"","footnotes":""},"class_list":["post-21957","page","type-page","status-publish","hentry"],"acf":[],"_links":{"self":[{"href":"https:\/\/milremo.com\/de\/wp-json\/wp\/v2\/pages\/21957","targetHints":{"allow":["GET"]}}],"collection":[{"href":"https:\/\/milremo.com\/de\/wp-json\/wp\/v2\/pages"}],"about":[{"href":"https:\/\/milremo.com\/de\/wp-json\/wp\/v2\/types\/page"}],"author":[{"embeddable":true,"href":"https:\/\/milremo.com\/de\/wp-json\/wp\/v2\/users\/6311"}],"replies":[{"embeddable":true,"href":"https:\/\/milremo.com\/de\/wp-json\/wp\/v2\/comments?post=21957"}],"version-history":[{"count":0,"href":"https:\/\/milremo.com\/de\/wp-json\/wp\/v2\/pages\/21957\/revisions"}],"wp:attachment":[{"href":"https:\/\/milremo.com\/de\/wp-json\/wp\/v2\/media?parent=21957"}],"curies":[{"name":"wp","href":"https:\/\/api.w.org\/{rel}","templated":true}]}}